{"id":19,"date":"2025-01-08T09:53:12","date_gmt":"2025-01-08T08:53:12","guid":{"rendered":"https:\/\/www.tfdholding.com\/?page_id=19"},"modified":"2025-02-12T09:37:49","modified_gmt":"2025-02-12T08:37:49","slug":"nos-valeurs","status":"publish","type":"page","link":"https:\/\/www.tfdholding.com\/index.php\/nos-valeurs\/","title":{"rendered":"Nos Valeurs"},"content":{"rendered":"\n<div class=\"wp-block-cover alignfull\"><span aria-hidden=\"true\" class=\"wp-block-cover__background has-ti-fg-background-color has-background-dim\"><\/span><img fetchpriority=\"high\" decoding=\"async\" width=\"600\" height=\"161\" class=\"wp-block-cover__image-background wp-image-238\" alt=\"\" src=\"https:\/\/www.tfdholding.com\/wp-content\/uploads\/2025\/02\/x2wRmX8lP25jApg3ptiD8MwTH9M4lktsZlNPHKrP_sH4jTer3caZLSZiwrhCY9cO9zSWQl9qUPJEUcCXQ9e0dgrQE1aSNQY5yb_NGqeR5Yvopkzqh3kVOcRYDfUeiOxQhBFbioUnNlfxb_R9bbj.png\" data-object-fit=\"cover\" srcset=\"https:\/\/www.tfdholding.com\/wp-content\/uploads\/2025\/02\/x2wRmX8lP25jApg3ptiD8MwTH9M4lktsZlNPHKrP_sH4jTer3caZLSZiwrhCY9cO9zSWQl9qUPJEUcCXQ9e0dgrQE1aSNQY5yb_NGqeR5Yvopkzqh3kVOcRYDfUeiOxQhBFbioUnNlfxb_R9bbj.png 600w, https:\/\/www.tfdholding.com\/wp-content\/uploads\/2025\/02\/x2wRmX8lP25jApg3ptiD8MwTH9M4lktsZlNPHKrP_sH4jTer3caZLSZiwrhCY9cO9zSWQl9qUPJEUcCXQ9e0dgrQE1aSNQY5yb_NGqeR5Yvopkzqh3kVOcRYDfUeiOxQhBFbioUnNlfxb_R9bbj-300x81.png 300w\" sizes=\"(max-width: 600px) 100vw, 600px\" \/><div class=\"wp-block-cover__inner-container is-layout-flow wp-block-cover-is-layout-flow\">\n<p class=\"has-text-align-center has-ti-bg-color has-text-color has-link-color wp-elements-a81d25ff0b784d455e359fb77935c504\" style=\"font-size:clamp(42.068px, 2.629rem + ((1vw - 3.2px) * 2.258), 80px);\"><strong>Nos valeurs<\/strong><\/p>\n<\/div><\/div>\n\n\n\n<p class=\"has-ti-accent-secondary-color has-text-color has-link-color has-x-large-font-size wp-elements-85a3851b1f898875dbf144372d0dbe34\">TFDH une soci\u00e9t\u00e9 <\/p>\n\n\n\n<p class=\"has-ti-accent-secondary-color has-text-color has-link-color has-huge-font-size wp-elements-c7199e9daabb9b749bd7b0c8d7fb23d0\"><strong>engag\u00e9e et ecologique<\/strong><\/p>\n\n\n\n<p class=\"has-large-font-size\">La responsabilit\u00e9 soci\u00e9tale des entreprises RSE est un concept que TFDH prend en consid\u00e9ration, ces pr\u00e9occupations sociales, environnementales, et \u00e9conomiques ne sont pas n\u00e9glig\u00e9es et il ne faut pas les ignorer.<\/p>\n\n\n\n<div class=\"wp-block-columns is-layout-flex wp-container-core-columns-is-layout-28f84493 wp-block-columns-is-layout-flex\">\n<div class=\"wp-block-column is-layout-flow wp-block-column-is-layout-flow\" style=\"flex-basis:40%\">\n<div class=\"wp-block-columns is-layout-flex wp-container-core-columns-is-layout-28f84493 wp-block-columns-is-layout-flex\">\n<div class=\"wp-block-column is-layout-flow wp-block-column-is-layout-flow\" style=\"flex-basis:100%\">\n<p class=\"has-text-color has-link-color has-large-font-size wp-elements-96ada9e14975d91af8a41f2ce980a987\" style=\"color:#4c4848\">Le secteur du textile et de l\u2019informatique laissent une empreinte environnementale et sociale cons\u00e9quente. En tant que Groupe impliqu\u00e9, il nous appartient de faire de notre mieux pour cr\u00e9er les styles que vous aimez, mais de le faire tout en respectant notre plan\u00e8te d\u2019abord et le bien-\u00eatre de nos collaborateurs ainsi de nos employ\u00e9s.<\/p>\n<\/div>\n<\/div>\n<\/div>\n\n\n\n<div class=\"wp-block-column is-layout-flow wp-block-column-is-layout-flow\" style=\"flex-basis:40%\">\n<p class=\"has-text-color has-link-color has-large-font-size wp-elements-9cbbf0d94db75e02a90e9c42c3e8a974\" style=\"color:#4c4848\">TFDH contribue sans cesse aux enjeux du d\u00e9veloppement durable et du respect du droit social tout en garantissant un produit fini de grande qualit\u00e9.<\/p>\n<\/div>\n<\/div>\n\n\n\n<div class=\"wp-block-columns alignwide are-vertically-aligned-center has-ti-fg-alt-color has-text-color has-background has-link-color wp-elements-9b5712d0a4566a17f4e51f63bbc95336 is-layout-flex wp-container-core-columns-is-layout-c7d2d2bb wp-block-columns-is-layout-flex\" style=\"border-width:37px;background-color:#3884df;margin-top:0;margin-bottom:0;padding-top:0;padding-right:0;padding-bottom:0;padding-left:0\">\n<div class=\"wp-block-column is-vertically-aligned-center is-layout-flow wp-block-column-is-layout-flow\" style=\"flex-basis:50%\">\n<figure class=\"wp-block-image size-full is-resized\"><img decoding=\"async\" src=\"http:\/\/www.tfdconfection.com\/wp-content\/uploads\/2024\/12\/3ioiRtys9miHHfEQI6Pp0D3sVUIOO8BJoOrtedzHuInO1gASI1syyHZCSKNRO6NPwnpYWoowIea5FpaQVHYqFbj303OU4MhPauLLBKYTxlUYWK1tQPk79V5YfwffpbHCbXTm5umXvsSwUI4Gc_H_9.png\" alt=\"\" class=\"wp-image-266\" style=\"width:1047px;height:auto\"\/><\/figure>\n<\/div>\n\n\n\n<div class=\"wp-block-column is-vertically-aligned-center is-layout-flow wp-block-column-is-layout-flow\" style=\"padding-top:64px;padding-right:24px;padding-bottom:64px;padding-left:24px;flex-basis:50%\">\n<div class=\"wp-block-group is-layout-constrained wp-block-group-is-layout-constrained\">\n<h1 class=\"wp-block-heading has-huge-font-size\">Consommons<\/h1>\n\n\n\n<p class=\"has-huge-font-size\">moins d\u2019\u00e9nergie<\/p>\n\n\n\n<p class=\"has-medium-font-size\">Des investissements importants et lourds ont \u00e9t\u00e9 r\u00e9alis\u00e9s pour participer au respect environnemental. Dans l\u2019industrie, il n\u2019y a pas de petites \u00e9conomies\u2026 On peut augmenter nos prix, baisser nos marges, rogner sur les salaires, mais le plus gros levier dont on dispose reste la rationalisation de la consommation d\u2019\u00e9nergie. Selon un audit d\u2019\u00e9lectricit\u00e9 \u00e9tabli par nos services informatiques, 70% de la consommation \u00e9lectrique revient aux moteurs : pompes, ventilation, air comprim\u00e9, parc machine\u2026 Optimiser leur fonctionnement est imp\u00e9ratif pour faire baisser notre facture \u00e9nerg\u00e9tique et mener \u00e0 bien l\u2019efficacit\u00e9 \u00e9nerg\u00e9tique. Des solutions ont \u00e9t\u00e9 mises en place pour \u00e9conomiser de l\u2019\u00e9nergie et r\u00e9duire sa consommation. Tout d\u2019abord en impliquant tout le monde \u00e0 adopter les bons gestes, ensuite en r\u00e9alisant des travaux d\u2019isolations thermiques qui ont pour but de r\u00e9duire les pertes de chaleur entra\u00eenant une r\u00e9duction de la pollution due au chauffage et au refroidissement ainsi procur\u00e9 une climatisation optimale pour nos employ\u00e9s.<\/p>\n<\/div>\n<\/div>\n<\/div>\n\n\n\n<div class=\"wp-block-cover aligncenter\" style=\"margin-top:0;margin-bottom:0;padding-top:0;padding-bottom:0\"><span aria-hidden=\"true\" class=\"wp-block-cover__background has-background-dim\"><\/span><img decoding=\"async\" class=\"wp-block-cover__image-background wp-image-268\" alt=\"\" src=\"https:\/\/www.tfdconfection.com\/wp-content\/uploads\/2024\/12\/mwnJJAxBHp-1024x319.png\" data-object-fit=\"cover\"\/><div class=\"wp-block-cover__inner-container is-layout-flow wp-container-core-cover-is-layout-10cf3932 wp-block-cover-is-layout-flow\">\n<p class=\"has-text-align-left has-x-large-font-size\"><strong>\u00c9cologique<\/strong><\/p>\n\n\n\n<p class=\"has-large-font-size\">           ON GASPILLE MOINS ET ON CHANGE PLUS<\/p>\n\n\n\n<p class=\"has-large-font-size\">Avec nos approches innovantes en productions et techniques, nous consommons<\/p>\n\n\n\n<p class=\"has-large-font-size\">                                               moins de ressources et nous gaspillons moins. Notre approche est que la<\/p>\n\n\n\n<p class=\"has-large-font-size\">durabilit\u00e9 prendra de la valeur avec le temps.<\/p>\n<\/div><\/div>\n\n\n\n<div class=\"wp-block-columns alignwide are-vertically-aligned-center has-ti-fg-alt-color has-text-color has-background has-link-color wp-elements-3f81f6b05d53927040b8a959b0499202 is-layout-flex wp-container-core-columns-is-layout-c7d2d2bb wp-block-columns-is-layout-flex\" style=\"border-width:37px;background-color:#3884df;margin-top:0;margin-bottom:0;padding-top:0;padding-right:0;padding-bottom:0;padding-left:0\">\n<div class=\"wp-block-column is-vertically-aligned-center is-layout-flow wp-block-column-is-layout-flow\" style=\"padding-top:64px;padding-right:24px;padding-bottom:64px;padding-left:24px;flex-basis:50%\">\n<div class=\"wp-block-group is-layout-constrained wp-block-group-is-layout-constrained\">\n<h1 class=\"wp-block-heading\">Recyclage<\/h1>\n\n\n\n<p class=\"has-large-font-size\">Des dispositions de recyclage de d\u00e9chet textile et informatique ont \u00e9t\u00e9 pris en charge par des soci\u00e9t\u00e9s sp\u00e9cialis\u00e9es dans le recyclage a but de respect environnementale et \u00e9cologique. Les pratiques et m\u00e9thodes durables de TFDH permettent la limitation des impacts n\u00e9gatifs sur l\u2019\u00e9cologie, l\u2019interdiction de produits dangereux et polluants, ainsi que le respect des travailleurs.<\/p>\n<\/div>\n<\/div>\n\n\n\n<div class=\"wp-block-column is-vertically-aligned-center is-layout-flow wp-block-column-is-layout-flow\" style=\"flex-basis:50%\">\n<figure class=\"wp-block-image size-full is-resized\"><img decoding=\"async\" src=\"http:\/\/www.tfdconfection.com\/wp-content\/uploads\/2024\/12\/7GJnq6NKkg.png\" alt=\"\" class=\"wp-image-270\" style=\"width:1047px;height:auto\"\/><\/figure>\n<\/div>\n<\/div>\n\n\n\n<div class=\"wp-block-cover\"><span aria-hidden=\"true\" class=\"wp-block-cover__background has-background-dim\"><\/span><img decoding=\"async\" width=\"1024\" height=\"385\" class=\"wp-block-cover__image-background wp-image-55\" alt=\"\" src=\"http:\/\/www.tfdholding.com\/wp-content\/uploads\/2025\/01\/WeUmXaCIVE-1024x385.png\" data-object-fit=\"cover\" srcset=\"https:\/\/www.tfdholding.com\/wp-content\/uploads\/2025\/01\/WeUmXaCIVE-1024x385.png 1024w, https:\/\/www.tfdholding.com\/wp-content\/uploads\/2025\/01\/WeUmXaCIVE-300x113.png 300w, https:\/\/www.tfdholding.com\/wp-content\/uploads\/2025\/01\/WeUmXaCIVE-768x289.png 768w, https:\/\/www.tfdholding.com\/wp-content\/uploads\/2025\/01\/WeUmXaCIVE.png 1366w\" sizes=\"(max-width: 1024px) 100vw, 1024px\" \/><div class=\"wp-block-cover__inner-container is-layout-flow wp-block-cover-is-layout-flow\">\n<figure class=\"wp-block-image aligncenter size-full\"><img decoding=\"async\" width=\"815\" height=\"354\" src=\"http:\/\/www.tfdholding.com\/wp-content\/uploads\/2025\/01\/Capture-decran_2025-01-08_11-17-57.png\" alt=\"\" class=\"wp-image-57\" srcset=\"https:\/\/www.tfdholding.com\/wp-content\/uploads\/2025\/01\/Capture-decran_2025-01-08_11-17-57.png 815w, https:\/\/www.tfdholding.com\/wp-content\/uploads\/2025\/01\/Capture-decran_2025-01-08_11-17-57-300x130.png 300w, https:\/\/www.tfdholding.com\/wp-content\/uploads\/2025\/01\/Capture-decran_2025-01-08_11-17-57-768x334.png 768w\" sizes=\"(max-width: 815px) 100vw, 815px\" \/><\/figure>\n<\/div><\/div>\n\n\n\n<div class=\"wp-block-group alignfull has-background is-layout-constrained wp-container-core-group-is-layout-a8cabacf wp-block-group-is-layout-constrained\" style=\"background-color:#f4f6f7;margin-top:0px;margin-bottom:0px;padding-top:64px;padding-right:24px;padding-bottom:64px;padding-left:24px\">\n<div class=\"wp-block-columns alignwide is-layout-flex wp-container-core-columns-is-layout-6127943d wp-block-columns-is-layout-flex\">\n<div class=\"wp-block-column is-layout-flow wp-block-column-is-layout-flow\">\n<figure class=\"wp-block-image size-large is-resized\"><img loading=\"lazy\" decoding=\"async\" width=\"1024\" height=\"285\" src=\"https:\/\/www.tfdholding.com\/wp-content\/uploads\/2025\/01\/Capture-decran_2025-01-08_11-44-27-1024x285.png\" alt=\"\" class=\"wp-image-59\" style=\"width:1140px;height:auto\" srcset=\"https:\/\/www.tfdholding.com\/wp-content\/uploads\/2025\/01\/Capture-decran_2025-01-08_11-44-27-1024x285.png 1024w, https:\/\/www.tfdholding.com\/wp-content\/uploads\/2025\/01\/Capture-decran_2025-01-08_11-44-27-300x84.png 300w, https:\/\/www.tfdholding.com\/wp-content\/uploads\/2025\/01\/Capture-decran_2025-01-08_11-44-27-768x214.png 768w, https:\/\/www.tfdholding.com\/wp-content\/uploads\/2025\/01\/Capture-decran_2025-01-08_11-44-27.png 1085w\" sizes=\"(max-width: 1024px) 100vw, 1024px\" \/><\/figure>\n<\/div>\n<\/div>\n<\/div>\n\n\n\n<div class=\"wp-block-group alignfull has-ti-bg-inv-background-color has-background is-layout-constrained wp-container-core-group-is-layout-22ea3fc7 wp-block-group-is-layout-constrained\" style=\"min-height:384px;margin-top:0px;margin-bottom:0px;padding-top:64px;padding-right:24px;padding-bottom:64px;padding-left:24px\">\n<div class=\"wp-block-columns alignwide is-layout-flex wp-container-core-columns-is-layout-6127943d wp-block-columns-is-layout-flex\">\n<div class=\"wp-block-column is-layout-flow wp-block-column-is-layout-flow\">\n<p class=\"has-text-align-center has-ti-bg-color has-text-color has-link-color has-huge-font-size wp-elements-8dcd3682273559ad71fb0cd26d69c627\"><strong>TFDH respect les codes de conduite qui sont orient\u00e9s sur les aspects sociaux du d\u00e9veloppement durable.<\/strong><\/p>\n<\/div>\n<\/div>\n<\/div>\n\n\n\n<div class=\"wp-block-group alignfull has-ti-fg-alt-color has-text-color has-background is-layout-constrained wp-container-core-group-is-layout-352a731e wp-block-group-is-layout-constrained\" style=\"background-color:#3884df;margin-top:0px;margin-bottom:0px;padding-top:64px;padding-bottom:64px\">\n<div class=\"wp-block-group alignwide is-layout-flow wp-block-group-is-layout-flow\">\n<div class=\"wp-block-columns is-layout-flex wp-container-core-columns-is-layout-13e2ef3f wp-block-columns-is-layout-flex\">\n<div class=\"wp-block-column is-layout-flow wp-container-core-column-is-layout-47e5a185 wp-block-column-is-layout-flow\">\n<div class=\"wp-block-group is-layout-constrained wp-block-group-is-layout-constrained\" style=\"border-radius:5px\">\n<figure class=\"wp-block-image size-full is-resized is-style-rounded\"><img decoding=\"async\" src=\"http:\/\/www.tfdconfection.com\/wp-content\/uploads\/2024\/12\/3.png\" alt=\"\" class=\"wp-image-22\" style=\"width:212px;height:auto\"\/><\/figure>\n\n\n\n<p class=\"has-text-align-left\">Le Lorem Ipsum est simplement du faux texte employ\u00e9 dans la composition et la mise en page avant impression.<\/p>\n\n\n\n<ul class=\"wp-block-social-links has-icon-color is-style-logos-only is-content-justification-center is-layout-flex wp-container-core-social-links-is-layout-a89b3969 wp-block-social-links-is-layout-flex\">\n\n\n\n<\/ul>\n<\/div>\n<\/div>\n\n\n\n<div class=\"wp-block-column is-layout-flow wp-container-core-column-is-layout-47e5a185 wp-block-column-is-layout-flow\">\n<div class=\"wp-block-group is-layout-constrained wp-block-group-is-layout-constrained\" style=\"border-radius:5px\">\n<p class=\"has-text-align-left has-medium-font-size\"><strong>Menu<\/strong><\/p>\n\n\n\n<p class=\"has-text-align-left has-normal-font-size\">Accueil<\/p>\n\n\n\n<p class=\"has-normal-font-size\">\u00c0 propos<\/p>\n\n\n\n<p class=\"has-normal-font-size\">TFD Confection<\/p>\n\n\n\n<p>Make Ur Soft<\/p>\n<\/div>\n<\/div>\n\n\n\n<div class=\"wp-block-column is-layout-flow wp-container-core-column-is-layout-47e5a185 wp-block-column-is-layout-flow\">\n<div class=\"wp-block-group is-layout-constrained wp-block-group-is-layout-constrained\" style=\"border-radius:5px\">\n<p class=\"has-text-align-left has-medium-font-size\">Contact<\/p>\n\n\n\n<p class=\"has-text-align-left has-medium-font-size\">On sait depuis longtemps que travailler avec du texte<\/p>\n<\/div>\n\n\n\n<p>+216 29791516<\/p>\n<\/div>\n\n\n\n<div class=\"wp-block-column is-layout-flow wp-block-column-is-layout-flow\">\n<p class=\"has-large-font-size\">Newsletter<\/p>\n\n\n\n<p>Le Lorem Ipsum est simplement du faux texte employ\u00e9 dans<\/p>\n<\/div>\n<\/div>\n<\/div>\n\n\n\n<p><\/p>\n<\/div>\n","protected":false},"excerpt":{"rendered":"<p>TFDH une soci\u00e9t\u00e9 engag\u00e9e et ecologique La responsabilit\u00e9 soci\u00e9tale des entreprises RSE est un concept que TFDH prend en consid\u00e9ration, ces pr\u00e9occupations sociales, environnementales, et \u00e9conomiques ne sont pas n\u00e9glig\u00e9es et il ne faut pas les ignorer. Le secteur du textile et de l\u2019informatique laissent une empreinte environnementale et sociale cons\u00e9quente. En tant que Groupe [&hellip;]<\/p>\n","protected":false},"author":1,"featured_media":0,"parent":0,"menu_order":0,"comment_status":"closed","ping_status":"closed","template":"template-plain","meta":{"footnotes":""},"class_list":["post-19","page","type-page","status-publish","hentry"],"_links":{"self":[{"href":"https:\/\/www.tfdholding.com\/index.php\/wp-json\/wp\/v2\/pages\/19","targetHints":{"allow":["GET"]}}],"collection":[{"href":"https:\/\/www.tfdholding.com\/index.php\/wp-json\/wp\/v2\/pages"}],"about":[{"href":"https:\/\/www.tfdholding.com\/index.php\/wp-json\/wp\/v2\/types\/page"}],"author":[{"embeddable":true,"href":"https:\/\/www.tfdholding.com\/index.php\/wp-json\/wp\/v2\/users\/1"}],"replies":[{"embeddable":true,"href":"https:\/\/www.tfdholding.com\/index.php\/wp-json\/wp\/v2\/comments?post=19"}],"version-history":[{"count":14,"href":"https:\/\/www.tfdholding.com\/index.php\/wp-json\/wp\/v2\/pages\/19\/revisions"}],"predecessor-version":[{"id":254,"href":"https:\/\/www.tfdholding.com\/index.php\/wp-json\/wp\/v2\/pages\/19\/revisions\/254"}],"wp:attachment":[{"href":"https:\/\/www.tfdholding.com\/index.php\/wp-json\/wp\/v2\/media?parent=19"}],"curies":[{"name":"wp","href":"https:\/\/api.w.org\/{rel}","templated":true}]}}