{"id":21,"date":"2025-01-08T09:53:26","date_gmt":"2025-01-08T08:53:26","guid":{"rendered":"https:\/\/www.tfdholding.com\/?page_id=21"},"modified":"2025-02-12T09:39:34","modified_gmt":"2025-02-12T08:39:34","slug":"tfd-confection","status":"publish","type":"page","link":"https:\/\/www.tfdholding.com\/index.php\/tfd-confection\/","title":{"rendered":"TFD Confection"},"content":{"rendered":"\n<div class=\"wp-block-cover alignfull\" style=\"padding-top:24px;padding-right:24px;padding-bottom:24px;padding-left:24px;min-height:506px;aspect-ratio:unset;\"><span aria-hidden=\"true\" class=\"wp-block-cover__background has-ti-bg-inv-background-color has-background-dim\"><\/span><img fetchpriority=\"high\" decoding=\"async\" width=\"1366\" height=\"367\" class=\"wp-block-cover__image-background wp-image-92\" alt=\"\" src=\"https:\/\/www.tfdholding.com\/wp-content\/uploads\/2025\/01\/WhatsApp-Image-2021-06-04-at-13.18.21-2.png\" data-object-fit=\"cover\" srcset=\"https:\/\/www.tfdholding.com\/wp-content\/uploads\/2025\/01\/WhatsApp-Image-2021-06-04-at-13.18.21-2.png 1366w, https:\/\/www.tfdholding.com\/wp-content\/uploads\/2025\/01\/WhatsApp-Image-2021-06-04-at-13.18.21-2-300x81.png 300w, https:\/\/www.tfdholding.com\/wp-content\/uploads\/2025\/01\/WhatsApp-Image-2021-06-04-at-13.18.21-2-1024x275.png 1024w, https:\/\/www.tfdholding.com\/wp-content\/uploads\/2025\/01\/WhatsApp-Image-2021-06-04-at-13.18.21-2-768x206.png 768w\" sizes=\"(max-width: 1366px) 100vw, 1366px\" \/><div class=\"wp-block-cover__inner-container is-layout-flow wp-block-cover-is-layout-flow\">\n<div class=\"wp-block-group is-layout-constrained wp-block-group-is-layout-constrained\">\n<h1 class=\"wp-block-heading alignwide has-text-align-center\">TFD Confection<\/h1>\n<\/div>\n<\/div><\/div>\n\n\n\n<div class=\"wp-block-group alignfull has-ti-bg-alt-background-color has-background is-layout-flow wp-container-core-group-is-layout-e7b77ced wp-block-group-is-layout-flow\" style=\"margin-top:0px;margin-bottom:0px;padding-top:0;padding-right:0;padding-bottom:0;padding-left:0\">\n<div class=\"wp-block-columns alignwide are-vertically-aligned-center has-ti-fg-alt-color has-ti-bg-background-color has-text-color has-background has-link-color wp-elements-5d7fe366a101d306c60c3ecdc00340ae is-layout-flex wp-container-core-columns-is-layout-d7d455e7 wp-block-columns-is-layout-flex\" style=\"padding-top:0;padding-right:0;padding-bottom:0;padding-left:0\">\n<div class=\"wp-block-column is-vertically-aligned-center is-layout-flow wp-block-column-is-layout-flow\" style=\"flex-basis:50%\">\n<figure class=\"wp-block-image size-full is-resized\"><img decoding=\"async\" width=\"2560\" height=\"1920\" src=\"https:\/\/www.tfdholding.com\/wp-content\/uploads\/2025\/02\/IMG_20250205_163556-scaled.jpg\" alt=\"\" class=\"wp-image-231\" style=\"width:1092px;height:auto\" srcset=\"https:\/\/www.tfdholding.com\/wp-content\/uploads\/2025\/02\/IMG_20250205_163556-scaled.jpg 2560w, https:\/\/www.tfdholding.com\/wp-content\/uploads\/2025\/02\/IMG_20250205_163556-300x225.jpg 300w, https:\/\/www.tfdholding.com\/wp-content\/uploads\/2025\/02\/IMG_20250205_163556-1024x768.jpg 1024w, https:\/\/www.tfdholding.com\/wp-content\/uploads\/2025\/02\/IMG_20250205_163556-768x576.jpg 768w, https:\/\/www.tfdholding.com\/wp-content\/uploads\/2025\/02\/IMG_20250205_163556-1536x1152.jpg 1536w, https:\/\/www.tfdholding.com\/wp-content\/uploads\/2025\/02\/IMG_20250205_163556-2048x1536.jpg 2048w\" sizes=\"(max-width: 2560px) 100vw, 2560px\" \/><\/figure>\n<\/div>\n\n\n\n<div class=\"wp-block-column is-layout-flow wp-block-column-is-layout-flow\"><\/div>\n\n\n\n<div class=\"wp-block-column is-vertically-aligned-center is-layout-flow wp-block-column-is-layout-flow\" style=\"padding-top:64px;padding-right:24px;padding-bottom:64px;padding-left:24px;flex-basis:50%\">\n<div class=\"wp-block-group is-layout-constrained wp-block-group-is-layout-constrained\">\n<h2 class=\"wp-block-heading has-text-color has-link-color wp-elements-ecc50eb4bad346c80bed495b7b0a6b3b\" style=\"color:#3884df\">la qualit\u00e9 et la satisfaction sont les cl\u00e9s de la r\u00e9ussite<\/h2>\n\n\n\n<p class=\"has-ti-fg-color has-text-color has-link-color wp-elements-f66f8ae98b5b568e4900bf9fa9703e07\">Depuis sa cr\u00e9ation en 1972, TFDC est actuellement consid\u00e9r\u00e9 comme un des leaders de l\u2019industrie textile en Tunisie, par son sens d\u2019affaires, son personnel qualifi\u00e9 et fid\u00e8le, TFDC a pu conclure des partenariats avec des firmes multinationales prestigieuses, \u00e0 savoir : PIERRE CARDIN, KENZO, Karl Lagerfeld \u2026. Faisant preuve en mati\u00e8re d\u2019innovation et d\u2019exp\u00e9rience, \u00abTFD CONFECTION \u00bb est toujours en qu\u00eate de perfection gr\u00e2ce \u00e0 une organisation rationnelle et en adoptant une strat\u00e9gie de diversification dont le but de satisfaire les exigences de ses clients, TFDC ne cesse d\u2019\u00e9voluer en nombre d\u2019unit\u00e9s de production et d\u2019employ\u00e9 afin d\u2019\u00e9largir sa gamme de produits en sous-traitance et de s\u2019orienter vers le produit fini. TFDC propose ses services et son exp\u00e9rience dans la confection et la production de vos produits. Aujourd\u2019hui, le savoir faire de TFDC se base sur une approche int\u00e9gr\u00e9e bas\u00e9e sur le produit fini : 2 unit\u00e9s de production avec 10 cha\u00eenes de fabrication et pr\u00e8s de 350 personnes \u0153uvrent \u00e0 la satisfaction et aux exigences de l\u2019ensemble de ses clients. Une capacit\u00e9 de production de 20 000 pi\u00e8ces\/jour gr\u00e2ce \u00e0 ces 14 usines de production affili\u00e9es et pr\u00e8s de 1 300 personnes mobilis\u00e9es autour.<\/p>\n\n\n\n<div style=\"height:32px\" aria-hidden=\"true\" class=\"wp-block-spacer\"><\/div>\n<\/div>\n<\/div>\n<\/div>\n<\/div>\n\n\n\n<div class=\"wp-block-group alignfull has-ti-bg-background-color has-background is-layout-constrained wp-container-core-group-is-layout-3e13aa90 wp-block-group-is-layout-constrained\" style=\"border-style:none;border-width:0px;border-radius:0px;min-height:0px;margin-top:0px;margin-bottom:0px;padding-top:0px;padding-right:0;padding-bottom:0px;padding-left:0\">\n<div class=\"wp-block-query alignwide is-layout-flow wp-block-query-is-layout-flow\"><\/div>\n<\/div>\n\n\n\n<div class=\"wp-block-group alignfull has-ti-fg-alt-color has-ti-bg-inv-background-color has-text-color has-background is-layout-constrained wp-container-core-group-is-layout-4fdf28be wp-block-group-is-layout-constrained\" style=\"margin-top:0px;margin-bottom:0px;padding-top:64px;padding-bottom:64px\">\n<div class=\"wp-block-group alignwide is-layout-constrained wp-container-core-group-is-layout-105570a8 wp-block-group-is-layout-constrained\">\n<h1 class=\"wp-block-heading has-text-align-center\"><strong>Nos sp\u00e9cialit\u00e9s<\/strong><\/h1>\n<\/div>\n<\/div>\n\n\n\n<div class=\"wp-block-group alignfull has-ti-fg-alt-color has-ti-bg-inv-background-color has-text-color has-background is-nowrap is-layout-flex wp-container-core-group-is-layout-0b01636a wp-block-group-is-layout-flex\" style=\"margin-top:0px;margin-bottom:0px;padding-top:64px;padding-bottom:64px\">\n<div class=\"wp-block-columns alignwide is-layout-flex wp-container-core-columns-is-layout-28f84493 wp-block-columns-is-layout-flex\">\n<div class=\"wp-block-column is-layout-flow wp-block-column-is-layout-flow\"><\/div>\n\n\n\n<div class=\"wp-block-column is-layout-flow wp-block-column-is-layout-flow\"><\/div>\n\n\n\n<div class=\"wp-block-column is-layout-flow wp-block-column-is-layout-flow\"><\/div>\n<\/div>\n\n\n\n<figure class=\"wp-block-image size-full is-resized\"><img decoding=\"async\" width=\"342\" height=\"447\" src=\"https:\/\/www.tfdholding.com\/wp-content\/uploads\/2025\/01\/professional-sewing-machine-close-up-modern-textil-F9BVMW7.png\" alt=\"\" class=\"wp-image-109\" style=\"width:572px;height:auto\" srcset=\"https:\/\/www.tfdholding.com\/wp-content\/uploads\/2025\/01\/professional-sewing-machine-close-up-modern-textil-F9BVMW7.png 342w, https:\/\/www.tfdholding.com\/wp-content\/uploads\/2025\/01\/professional-sewing-machine-close-up-modern-textil-F9BVMW7-230x300.png 230w\" sizes=\"(max-width: 342px) 100vw, 342px\" \/><\/figure>\n\n\n\n<figure class=\"wp-block-image size-full is-resized\"><img loading=\"lazy\" decoding=\"async\" width=\"342\" height=\"447\" src=\"https:\/\/www.tfdholding.com\/wp-content\/uploads\/2025\/01\/sewing-U5ELDYP.png\" alt=\"\" class=\"wp-image-110\" style=\"width:577px;height:auto\" srcset=\"https:\/\/www.tfdholding.com\/wp-content\/uploads\/2025\/01\/sewing-U5ELDYP.png 342w, https:\/\/www.tfdholding.com\/wp-content\/uploads\/2025\/01\/sewing-U5ELDYP-230x300.png 230w\" sizes=\"(max-width: 342px) 100vw, 342px\" \/><\/figure>\n\n\n\n<figure class=\"wp-block-image size-full is-resized\"><img loading=\"lazy\" decoding=\"async\" width=\"342\" height=\"447\" src=\"https:\/\/www.tfdholding.com\/wp-content\/uploads\/2025\/01\/textile-industry-equipment-V3HEGQK.png\" alt=\"\" class=\"wp-image-111\" style=\"width:570px;height:auto\" srcset=\"https:\/\/www.tfdholding.com\/wp-content\/uploads\/2025\/01\/textile-industry-equipment-V3HEGQK.png 342w, https:\/\/www.tfdholding.com\/wp-content\/uploads\/2025\/01\/textile-industry-equipment-V3HEGQK-230x300.png 230w\" sizes=\"(max-width: 342px) 100vw, 342px\" \/><\/figure>\n\n\n\n<figure class=\"wp-block-image size-full is-resized\"><img loading=\"lazy\" decoding=\"async\" width=\"342\" height=\"447\" src=\"https:\/\/www.tfdholding.com\/wp-content\/uploads\/2025\/01\/stacks-of-textiles-in-close-up-view-PC6YPQB.png\" alt=\"\" class=\"wp-image-112\" style=\"width:578px;height:auto\" srcset=\"https:\/\/www.tfdholding.com\/wp-content\/uploads\/2025\/01\/stacks-of-textiles-in-close-up-view-PC6YPQB.png 342w, https:\/\/www.tfdholding.com\/wp-content\/uploads\/2025\/01\/stacks-of-textiles-in-close-up-view-PC6YPQB-230x300.png 230w\" sizes=\"(max-width: 342px) 100vw, 342px\" \/><\/figure>\n<\/div>\n\n\n\n<div class=\"wp-block-group alignfull has-ti-fg-alt-color has-text-color has-background is-layout-constrained wp-container-core-group-is-layout-352a731e wp-block-group-is-layout-constrained\" style=\"background-color:#3884df;margin-top:0px;margin-bottom:0px;padding-top:64px;padding-bottom:64px\">\n<div class=\"wp-block-group alignwide is-layout-flow wp-block-group-is-layout-flow\">\n<div class=\"wp-block-columns is-layout-flex wp-container-core-columns-is-layout-13e2ef3f wp-block-columns-is-layout-flex\">\n<div class=\"wp-block-column is-layout-flow wp-container-core-column-is-layout-47e5a185 wp-block-column-is-layout-flow\">\n<div class=\"wp-block-group is-layout-constrained wp-block-group-is-layout-constrained\" style=\"border-radius:5px\">\n<figure class=\"wp-block-image size-full is-resized is-style-rounded\"><img decoding=\"async\" src=\"http:\/\/www.tfdconfection.com\/wp-content\/uploads\/2024\/12\/3.png\" alt=\"\" class=\"wp-image-22\" style=\"width:212px;height:auto\"\/><\/figure>\n\n\n\n<p class=\"has-text-align-left\">Le Lorem Ipsum est simplement du faux texte employ\u00e9 dans la composition et la mise en page avant impression.<\/p>\n\n\n\n<ul class=\"wp-block-social-links has-icon-color is-style-logos-only is-content-justification-center is-layout-flex wp-container-core-social-links-is-layout-a89b3969 wp-block-social-links-is-layout-flex\">\n\n\n\n<\/ul>\n<\/div>\n<\/div>\n\n\n\n<div class=\"wp-block-column is-layout-flow wp-container-core-column-is-layout-47e5a185 wp-block-column-is-layout-flow\">\n<div class=\"wp-block-group is-layout-constrained wp-block-group-is-layout-constrained\" style=\"border-radius:5px\">\n<p class=\"has-text-align-left has-medium-font-size\"><strong>Menu<\/strong><\/p>\n\n\n\n<p class=\"has-text-align-left has-normal-font-size\">Accueil<\/p>\n\n\n\n<p class=\"has-normal-font-size\">\u00c0 propos<\/p>\n\n\n\n<p class=\"has-normal-font-size\">TFD Confection<\/p>\n\n\n\n<p>Make Ur Soft<\/p>\n<\/div>\n<\/div>\n\n\n\n<div class=\"wp-block-column is-layout-flow wp-container-core-column-is-layout-47e5a185 wp-block-column-is-layout-flow\">\n<div class=\"wp-block-group is-layout-constrained wp-block-group-is-layout-constrained\" style=\"border-radius:5px\">\n<p class=\"has-text-align-left has-medium-font-size\">Contact<\/p>\n\n\n\n<p class=\"has-text-align-left has-medium-font-size\">On sait depuis longtemps que travailler avec du texte<\/p>\n<\/div>\n\n\n\n<p>+216 29791516<\/p>\n<\/div>\n\n\n\n<div class=\"wp-block-column is-layout-flow wp-block-column-is-layout-flow\">\n<p class=\"has-large-font-size\">Newsletter<\/p>\n\n\n\n<p>Le Lorem Ipsum est simplement du faux texte employ\u00e9 dans<\/p>\n<\/div>\n<\/div>\n<\/div>\n\n\n\n<p><\/p>\n<\/div>\n","protected":false},"excerpt":{"rendered":"<p>la qualit\u00e9 et la satisfaction sont les cl\u00e9s de la r\u00e9ussite Depuis sa cr\u00e9ation en 1972, TFDC est actuellement consid\u00e9r\u00e9 comme un des leaders de l\u2019industrie textile en Tunisie, par son sens d\u2019affaires, son personnel qualifi\u00e9 et fid\u00e8le, TFDC a pu conclure des partenariats avec des firmes multinationales prestigieuses, \u00e0 savoir : PIERRE CARDIN, KENZO, [&hellip;]<\/p>\n","protected":false},"author":1,"featured_media":0,"parent":0,"menu_order":0,"comment_status":"closed","ping_status":"closed","template":"template-plain","meta":{"footnotes":""},"class_list":["post-21","page","type-page","status-publish","hentry"],"_links":{"self":[{"href":"https:\/\/www.tfdholding.com\/index.php\/wp-json\/wp\/v2\/pages\/21","targetHints":{"allow":["GET"]}}],"collection":[{"href":"https:\/\/www.tfdholding.com\/index.php\/wp-json\/wp\/v2\/pages"}],"about":[{"href":"https:\/\/www.tfdholding.com\/index.php\/wp-json\/wp\/v2\/types\/page"}],"author":[{"embeddable":true,"href":"https:\/\/www.tfdholding.com\/index.php\/wp-json\/wp\/v2\/users\/1"}],"replies":[{"embeddable":true,"href":"https:\/\/www.tfdholding.com\/index.php\/wp-json\/wp\/v2\/comments?post=21"}],"version-history":[{"count":26,"href":"https:\/\/www.tfdholding.com\/index.php\/wp-json\/wp\/v2\/pages\/21\/revisions"}],"predecessor-version":[{"id":260,"href":"https:\/\/www.tfdholding.com\/index.php\/wp-json\/wp\/v2\/pages\/21\/revisions\/260"}],"wp:attachment":[{"href":"https:\/\/www.tfdholding.com\/index.php\/wp-json\/wp\/v2\/media?parent=21"}],"curies":[{"name":"wp","href":"https:\/\/api.w.org\/{rel}","templated":true}]}}