{"id":72,"date":"2025-01-08T15:42:14","date_gmt":"2025-01-08T14:42:14","guid":{"rendered":"https:\/\/www.tfdholding.com\/?page_id=72"},"modified":"2025-02-12T09:38:12","modified_gmt":"2025-02-12T08:38:12","slug":"christine-plus","status":"publish","type":"page","link":"https:\/\/www.tfdholding.com\/index.php\/christine-plus\/","title":{"rendered":"Christine plus"},"content":{"rendered":"\n<div class=\"wp-block-cover alignfull\"><span aria-hidden=\"true\" class=\"wp-block-cover__background has-ti-bg-inv-background-color has-background-dim\"><\/span><img fetchpriority=\"high\" decoding=\"async\" width=\"500\" height=\"134\" class=\"wp-block-cover__image-background wp-image-245\" alt=\"\" src=\"http:\/\/www.tfdholding.com\/wp-content\/uploads\/2025\/02\/professional-sewing-machine-close-up-modern-textil-F9BVMW7-1.png\" data-object-fit=\"cover\" srcset=\"https:\/\/www.tfdholding.com\/wp-content\/uploads\/2025\/02\/professional-sewing-machine-close-up-modern-textil-F9BVMW7-1.png 500w, https:\/\/www.tfdholding.com\/wp-content\/uploads\/2025\/02\/professional-sewing-machine-close-up-modern-textil-F9BVMW7-1-300x80.png 300w\" sizes=\"(max-width: 500px) 100vw, 500px\" \/><div class=\"wp-block-cover__inner-container is-layout-flow wp-block-cover-is-layout-flow\">\n<p class=\"has-text-align-center\" style=\"font-size:clamp(42.068px, 2.629rem + ((1vw - 3.2px) * 2.258), 80px);\"><strong>Christine Confection<\/strong><\/p>\n<\/div><\/div>\n\n\n\n<div class=\"wp-block-columns alignfull are-vertically-aligned-center has-ti-fg-alt-color has-ti-bg-background-color has-text-color has-background has-link-color wp-elements-9c946f192b57a5efc235f3a95b6df38c is-layout-flex wp-container-core-columns-is-layout-d7d455e7 wp-block-columns-is-layout-flex\" style=\"padding-top:0;padding-right:0;padding-bottom:0;padding-left:0\">\n<div class=\"wp-block-column is-vertically-aligned-center is-layout-flow wp-block-column-is-layout-flow\" style=\"padding-top:64px;padding-right:24px;padding-bottom:64px;padding-left:24px;flex-basis:50%\">\n<div class=\"wp-block-group is-layout-constrained wp-block-group-is-layout-constrained\">\n<h2 class=\"wp-block-heading has-text-color has-link-color has-huge-font-size wp-elements-5ca0b2f5f9746ebef4254088f5c41782\" style=\"color:#3884df\"><strong>Christine Confection<\/strong><\/h2>\n\n\n\n<p class=\"has-ti-fg-color has-text-color has-link-color wp-elements-0f5cdfb09b66b924cd5fe5aa2e97eef5\">Christine Confection Plus a pour objet la haute couture des articles de luxe et la confection pour hommes, femmes et enfants. Depuis sa cr\u00e9ation, Christine Confection Plus a su d\u00e9velopper un savoir-faire et a mobilis\u00e9 les moyens mat\u00e9riels et financiers n\u00e9cessaires. Dot\u00e9e de 3 lignes de production, polyvalence en mati\u00e8re, un bureau d\u2019\u00e9tude, salle de coupe, unit\u00e9 d\u2019emballage, l\u2019usine de Christine confection Plus est l\u2019une des plus r\u00e9put\u00e9es dans la Zone industrielle KSAR SAID qui a pu fid\u00e9liser de grands<\/p>\n\n\n\n<div style=\"height:32px\" aria-hidden=\"true\" class=\"wp-block-spacer\"><\/div>\n<\/div>\n<\/div>\n\n\n\n<div class=\"wp-block-column is-vertically-aligned-center is-layout-flow wp-block-column-is-layout-flow\" style=\"flex-basis:50%\">\n<figure class=\"wp-block-image size-full is-resized\"><img decoding=\"async\" width=\"600\" height=\"450\" src=\"https:\/\/www.tfdholding.com\/wp-content\/uploads\/2025\/02\/imageplus3.jpg\" alt=\"\" class=\"wp-image-234\" style=\"width:912px;height:auto\" srcset=\"https:\/\/www.tfdholding.com\/wp-content\/uploads\/2025\/02\/imageplus3.jpg 600w, https:\/\/www.tfdholding.com\/wp-content\/uploads\/2025\/02\/imageplus3-300x225.jpg 300w\" sizes=\"(max-width: 600px) 100vw, 600px\" \/><\/figure>\n<\/div>\n<\/div>\n\n\n\n<div class=\"wp-block-cover alignfull\"><span aria-hidden=\"true\" class=\"wp-block-cover__background has-background-dim-80 has-background-dim\"><\/span><img decoding=\"async\" width=\"1024\" height=\"220\" class=\"wp-block-cover__image-background wp-image-127\" alt=\"\" src=\"http:\/\/www.tfdholding.com\/wp-content\/uploads\/2025\/01\/portrait-of-seamstress-working-with-sewing-machine-3LB5633-1024x220.png\" data-object-fit=\"cover\" srcset=\"https:\/\/www.tfdholding.com\/wp-content\/uploads\/2025\/01\/portrait-of-seamstress-working-with-sewing-machine-3LB5633-1024x220.png 1024w, https:\/\/www.tfdholding.com\/wp-content\/uploads\/2025\/01\/portrait-of-seamstress-working-with-sewing-machine-3LB5633-300x64.png 300w, https:\/\/www.tfdholding.com\/wp-content\/uploads\/2025\/01\/portrait-of-seamstress-working-with-sewing-machine-3LB5633-768x165.png 768w, https:\/\/www.tfdholding.com\/wp-content\/uploads\/2025\/01\/portrait-of-seamstress-working-with-sewing-machine-3LB5633.png 1366w\" sizes=\"(max-width: 1024px) 100vw, 1024px\" \/><div class=\"wp-block-cover__inner-container is-layout-flow wp-block-cover-is-layout-flow\">\n<h2 class=\"wp-block-heading has-text-align-center has-huge-font-size\"><strong>Nos clients<\/strong><\/h2>\n\n\n\n<div class=\"wp-block-group is-content-justification-center is-nowrap is-layout-flex wp-container-core-group-is-layout-23441af8 wp-block-group-is-layout-flex\">\n<figure class=\"wp-block-image size-full is-resized\"><img loading=\"lazy\" decoding=\"async\" width=\"168\" height=\"66\" src=\"http:\/\/www.tfdholding.com\/wp-content\/uploads\/2025\/01\/Chervo_Logo.png\" alt=\"\" class=\"wp-image-128\" style=\"width:325px;height:auto\"\/><\/figure>\n\n\n\n<figure class=\"wp-block-image size-full is-resized\"><img loading=\"lazy\" decoding=\"async\" width=\"168\" height=\"66\" src=\"https:\/\/www.tfdholding.com\/wp-content\/uploads\/2025\/01\/ERFO-Logo_RZ.png\" alt=\"\" class=\"wp-image-129\" style=\"width:317px;height:auto\"\/><\/figure>\n\n\n\n<div class=\"wp-block-group is-nowrap is-layout-flex wp-container-core-group-is-layout-6c531013 wp-block-group-is-layout-flex\">\n<figure class=\"wp-block-image size-full is-resized\"><img loading=\"lazy\" decoding=\"async\" width=\"168\" height=\"66\" src=\"https:\/\/www.tfdholding.com\/wp-content\/uploads\/2025\/01\/Peter_Hahn.png\" alt=\"\" class=\"wp-image-130\" style=\"width:325px;height:auto\"\/><\/figure>\n<\/div>\n\n\n\n<figure class=\"wp-block-image size-full is-resized\"><img loading=\"lazy\" decoding=\"async\" width=\"168\" height=\"66\" src=\"http:\/\/www.tfdholding.com\/wp-content\/uploads\/2025\/01\/alba-moda-logo-1wifen77pw97xavchxpf4ldha06q2ibyh88i63h6k2ys.png\" alt=\"\" class=\"wp-image-131\" style=\"width:327px;height:auto\"\/><\/figure>\n\n\n\n<div class=\"wp-block-group is-layout-constrained wp-block-group-is-layout-constrained\">\n<figure class=\"wp-block-image size-full\"><img loading=\"lazy\" decoding=\"async\" width=\"168\" height=\"66\" src=\"http:\/\/www.tfdholding.com\/wp-content\/uploads\/2025\/01\/5a32b95bcb9a85480a628fcd-1.png\" alt=\"\" class=\"wp-image-132\"\/><\/figure>\n<\/div>\n<\/div>\n<\/div><\/div>\n\n\n\n<div class=\"wp-block-group alignfull has-ti-fg-alt-color has-text-color has-background is-layout-constrained wp-container-core-group-is-layout-352a731e wp-block-group-is-layout-constrained\" style=\"background-color:#3884df;margin-top:0px;margin-bottom:0px;padding-top:64px;padding-bottom:64px\">\n<div class=\"wp-block-group alignwide is-layout-flow wp-block-group-is-layout-flow\">\n<div class=\"wp-block-columns is-layout-flex wp-container-core-columns-is-layout-13e2ef3f wp-block-columns-is-layout-flex\">\n<div class=\"wp-block-column is-layout-flow wp-container-core-column-is-layout-47e5a185 wp-block-column-is-layout-flow\">\n<div class=\"wp-block-group is-layout-constrained wp-block-group-is-layout-constrained\" style=\"border-radius:5px\">\n<figure class=\"wp-block-image size-full is-resized is-style-rounded\"><img decoding=\"async\" src=\"http:\/\/www.tfdconfection.com\/wp-content\/uploads\/2024\/12\/3.png\" alt=\"\" class=\"wp-image-22\" style=\"width:212px;height:auto\"\/><\/figure>\n\n\n\n<p class=\"has-text-align-left\">Le Lorem Ipsum est simplement du faux texte employ\u00e9 dans la composition et la mise en page avant impression.<\/p>\n\n\n\n<ul class=\"wp-block-social-links has-icon-color is-style-logos-only is-content-justification-center is-layout-flex wp-container-core-social-links-is-layout-a89b3969 wp-block-social-links-is-layout-flex\">\n\n\n\n<\/ul>\n<\/div>\n<\/div>\n\n\n\n<div class=\"wp-block-column is-layout-flow wp-container-core-column-is-layout-47e5a185 wp-block-column-is-layout-flow\">\n<div class=\"wp-block-group is-layout-constrained wp-block-group-is-layout-constrained\" style=\"border-radius:5px\">\n<p class=\"has-text-align-left has-medium-font-size\"><strong>Menu<\/strong><\/p>\n\n\n\n<p class=\"has-text-align-left has-normal-font-size\">Accueil<\/p>\n\n\n\n<p class=\"has-normal-font-size\">\u00c0 propos<\/p>\n\n\n\n<p class=\"has-normal-font-size\">TFD Confection<\/p>\n\n\n\n<p>Make Ur Soft<\/p>\n<\/div>\n<\/div>\n\n\n\n<div class=\"wp-block-column is-layout-flow wp-container-core-column-is-layout-47e5a185 wp-block-column-is-layout-flow\">\n<div class=\"wp-block-group is-layout-constrained wp-block-group-is-layout-constrained\" style=\"border-radius:5px\">\n<p class=\"has-text-align-left has-medium-font-size\">Contact<\/p>\n\n\n\n<p class=\"has-text-align-left has-medium-font-size\">On sait depuis longtemps que travailler avec du texte<\/p>\n<\/div>\n\n\n\n<p>+216 29791516<\/p>\n<\/div>\n\n\n\n<div class=\"wp-block-column is-layout-flow wp-block-column-is-layout-flow\">\n<p class=\"has-large-font-size\">Newsletter<\/p>\n\n\n\n<p>Le Lorem Ipsum est simplement du faux texte employ\u00e9 dans<\/p>\n<\/div>\n<\/div>\n<\/div>\n\n\n\n<p><\/p>\n<\/div>\n","protected":false},"excerpt":{"rendered":"<p>Christine Confection Christine Confection Plus a pour objet la haute couture des articles de luxe et la confection pour hommes, femmes et enfants. Depuis sa cr\u00e9ation, Christine Confection Plus a su d\u00e9velopper un savoir-faire et a mobilis\u00e9 les moyens mat\u00e9riels et financiers n\u00e9cessaires. Dot\u00e9e de 3 lignes de production, polyvalence en mati\u00e8re, un bureau d\u2019\u00e9tude, [&hellip;]<\/p>\n","protected":false},"author":1,"featured_media":0,"parent":0,"menu_order":0,"comment_status":"closed","ping_status":"closed","template":"template-plain","meta":{"footnotes":""},"class_list":["post-72","page","type-page","status-publish","hentry"],"_links":{"self":[{"href":"https:\/\/www.tfdholding.com\/index.php\/wp-json\/wp\/v2\/pages\/72","targetHints":{"allow":["GET"]}}],"collection":[{"href":"https:\/\/www.tfdholding.com\/index.php\/wp-json\/wp\/v2\/pages"}],"about":[{"href":"https:\/\/www.tfdholding.com\/index.php\/wp-json\/wp\/v2\/types\/page"}],"author":[{"embeddable":true,"href":"https:\/\/www.tfdholding.com\/index.php\/wp-json\/wp\/v2\/users\/1"}],"replies":[{"embeddable":true,"href":"https:\/\/www.tfdholding.com\/index.php\/wp-json\/wp\/v2\/comments?post=72"}],"version-history":[{"count":18,"href":"https:\/\/www.tfdholding.com\/index.php\/wp-json\/wp\/v2\/pages\/72\/revisions"}],"predecessor-version":[{"id":256,"href":"https:\/\/www.tfdholding.com\/index.php\/wp-json\/wp\/v2\/pages\/72\/revisions\/256"}],"wp:attachment":[{"href":"https:\/\/www.tfdholding.com\/index.php\/wp-json\/wp\/v2\/media?parent=72"}],"curies":[{"name":"wp","href":"https:\/\/api.w.org\/{rel}","templated":true}]}}