{"id":74,"date":"2025-01-08T15:42:29","date_gmt":"2025-01-08T14:42:29","guid":{"rendered":"https:\/\/www.tfdholding.com\/?page_id=74"},"modified":"2025-02-12T09:38:02","modified_gmt":"2025-02-12T08:38:02","slug":"christine-fashion","status":"publish","type":"page","link":"https:\/\/www.tfdholding.com\/index.php\/christine-fashion\/","title":{"rendered":"Christine Fashion"},"content":{"rendered":"\n<div class=\"wp-block-cover alignfull\"><span aria-hidden=\"true\" class=\"wp-block-cover__background has-background-dim\"><\/span><img fetchpriority=\"high\" decoding=\"async\" width=\"1024\" height=\"275\" class=\"wp-block-cover__image-background wp-image-138\" alt=\"\" src=\"https:\/\/www.tfdholding.com\/wp-content\/uploads\/2025\/01\/sewing-U5ELDYP-1-1024x275.png\" data-object-fit=\"cover\" srcset=\"https:\/\/www.tfdholding.com\/wp-content\/uploads\/2025\/01\/sewing-U5ELDYP-1-1024x275.png 1024w, https:\/\/www.tfdholding.com\/wp-content\/uploads\/2025\/01\/sewing-U5ELDYP-1-300x81.png 300w, https:\/\/www.tfdholding.com\/wp-content\/uploads\/2025\/01\/sewing-U5ELDYP-1-768x206.png 768w, https:\/\/www.tfdholding.com\/wp-content\/uploads\/2025\/01\/sewing-U5ELDYP-1.png 1366w\" sizes=\"(max-width: 1024px) 100vw, 1024px\" \/><div class=\"wp-block-cover__inner-container is-layout-flow wp-block-cover-is-layout-flow\">\n<p class=\"has-text-align-center has-huge-font-size\"><strong>Christine Fashion<\/strong><\/p>\n<\/div><\/div>\n\n\n\n<div class=\"wp-block-columns alignfull are-vertically-aligned-center has-ti-fg-alt-color has-ti-bg-background-color has-text-color has-background has-link-color wp-elements-5a3e109ef0023dd4741913ded241621f is-layout-flex wp-container-core-columns-is-layout-d7d455e7 wp-block-columns-is-layout-flex\" style=\"padding-top:0;padding-right:0;padding-bottom:0;padding-left:0\">\n<div class=\"wp-block-column is-vertically-aligned-center is-layout-flow wp-block-column-is-layout-flow\" style=\"padding-top:64px;padding-right:24px;padding-bottom:64px;padding-left:24px;flex-basis:50%\">\n<div class=\"wp-block-group is-layout-constrained wp-block-group-is-layout-constrained\">\n<h2 class=\"wp-block-heading has-text-color has-link-color has-huge-font-size wp-elements-6e2d56415a76d24445ec5569a2c700a0\" style=\"color:#3884df\">Christine Fashion<\/h2>\n\n\n\n<p class=\"has-ti-fg-color has-text-color has-link-color wp-elements-d1b5cf5e3dd6fea122298a8799757cec\">Christine Fashion est une soci\u00e9t\u00e9 sp\u00e9cialis\u00e9 dans la haute couture de luxes et de confection sur mesure pour hommes femmes et enfants, elle est aussi sp\u00e9cialiste dans la maille homme et femme. Christine Fashion ne cesse de d\u00e9velopper son savoir faire et de mettre a jour et a niveau son personnel, en les formant sur la broderie, le lavage et la teinture qui sont devenus parmi les sp\u00e9cialit\u00e9s les plus r\u00e9ussies. Aujourd\u2019hui l\u2019usine est compos\u00e9e de 4 lignes de production, une salle de coupe, une unit\u00e9 de repassage et une unit\u00e9 de conditionnement.<\/p>\n\n\n\n<div style=\"height:32px\" aria-hidden=\"true\" class=\"wp-block-spacer\"><\/div>\n<\/div>\n<\/div>\n\n\n\n<div class=\"wp-block-column is-vertically-aligned-center is-layout-flow wp-block-column-is-layout-flow\" style=\"flex-basis:50%\">\n<figure class=\"wp-block-image size-full is-resized\"><img decoding=\"async\" width=\"472\" height=\"411\" src=\"https:\/\/www.tfdholding.com\/wp-content\/uploads\/2025\/01\/close-up-of-a-man-in-a-sailmakers-workshop-sewing-J979Y9N.png\" alt=\"\" class=\"wp-image-140\" style=\"width:858px;height:auto\" srcset=\"https:\/\/www.tfdholding.com\/wp-content\/uploads\/2025\/01\/close-up-of-a-man-in-a-sailmakers-workshop-sewing-J979Y9N.png 472w, https:\/\/www.tfdholding.com\/wp-content\/uploads\/2025\/01\/close-up-of-a-man-in-a-sailmakers-workshop-sewing-J979Y9N-300x261.png 300w\" sizes=\"(max-width: 472px) 100vw, 472px\" \/><\/figure>\n<\/div>\n<\/div>\n\n\n\n<div class=\"wp-block-group alignfull has-background is-content-justification-center is-layout-constrained wp-container-core-group-is-layout-b7ae3ea0 wp-block-group-is-layout-constrained\" style=\"background-color:#f4f6f7;margin-top:0px;margin-bottom:0px;padding-top:26px;padding-bottom:26px\">\n<div class=\"wp-block-group is-content-justification-left is-layout-constrained wp-container-core-group-is-layout-0effa23f wp-block-group-is-layout-constrained\" style=\"border-radius:5px\">\n<h2 class=\"wp-block-heading has-text-align-center has-text-color has-link-color has-huge-font-size wp-elements-a0f3d3e69bf7e0dcbbd6321b202da392\" style=\"color:#3884df\">Nos r\u00e9f\u00e9rences<\/h2>\n<\/div>\n<\/div>\n\n\n\n<div class=\"wp-block-group alignfull has-border-color has-ti-bg-border-color has-background is-content-justification-center is-nowrap is-layout-flex wp-container-core-group-is-layout-1bdded68 wp-block-group-is-layout-flex\" style=\"background-color:#f4f6f7;min-height:0px;margin-top:0px;margin-bottom:0px;padding-top:64px;padding-bottom:64px\">\n<div class=\"wp-block-group alignwide is-layout-flow wp-block-group-is-layout-flow\">\n<div class=\"wp-block-columns are-vertically-aligned-top is-layout-flex wp-container-core-columns-is-layout-e0dca8c8 wp-block-columns-is-layout-flex\">\n<div class=\"wp-block-column is-vertically-aligned-top is-layout-flow wp-container-core-column-is-layout-47e5a185 wp-block-column-is-layout-flow\">\n<div class=\"wp-block-group has-ti-bg-background-color has-background is-layout-constrained wp-container-core-group-is-layout-b4854629 wp-block-group-is-layout-constrained\" style=\"padding-top:24px;padding-right:24px;padding-bottom:24px;padding-left:24px\">\n<figure class=\"wp-block-image aligncenter size-full is-resized is-style-rounded\"><img decoding=\"async\" width=\"152\" height=\"152\" src=\"https:\/\/www.tfdholding.com\/wp-content\/uploads\/2025\/01\/9.png\" alt=\"\" class=\"wp-image-144\" style=\"width:204px;height:auto\" srcset=\"https:\/\/www.tfdholding.com\/wp-content\/uploads\/2025\/01\/9.png 152w, https:\/\/www.tfdholding.com\/wp-content\/uploads\/2025\/01\/9-150x150.png 150w\" sizes=\"(max-width: 152px) 100vw, 152px\" \/><\/figure>\n\n\n\n<h3 class=\"wp-block-heading has-text-align-center has-medium-font-size\">HUGO BOSS<\/h3>\n\n\n\n<p class=\"has-text-align-center\">POLO-Tee Shirt<\/p>\n<\/div>\n<\/div>\n\n\n\n<div class=\"wp-block-column is-vertically-aligned-top is-layout-flow wp-block-column-is-layout-flow\">\n<div class=\"wp-block-group is-content-justification-left is-layout-constrained wp-container-core-group-is-layout-12dd3699 wp-block-group-is-layout-constrained\" style=\"border-radius:5px\">\n<div class=\"wp-block-group has-ti-bg-background-color has-background is-layout-constrained wp-container-core-group-is-layout-b4854629 wp-block-group-is-layout-constrained\" style=\"padding-top:24px;padding-right:24px;padding-bottom:24px;padding-left:24px\">\n<figure class=\"wp-block-image aligncenter size-full is-resized is-style-rounded\"><img loading=\"lazy\" decoding=\"async\" width=\"152\" height=\"152\" src=\"https:\/\/www.tfdholding.com\/wp-content\/uploads\/2025\/01\/chervo-polo-aslan-62409-marine-599-h17-femme.png\" alt=\"\" class=\"wp-image-145\" style=\"width:204px;height:auto\" srcset=\"https:\/\/www.tfdholding.com\/wp-content\/uploads\/2025\/01\/chervo-polo-aslan-62409-marine-599-h17-femme.png 152w, https:\/\/www.tfdholding.com\/wp-content\/uploads\/2025\/01\/chervo-polo-aslan-62409-marine-599-h17-femme-150x150.png 150w\" sizes=\"(max-width: 152px) 100vw, 152px\" \/><\/figure>\n\n\n\n<h3 class=\"wp-block-heading has-text-align-center has-medium-font-size\">CHERVO<\/h3>\n\n\n\n<p class=\"has-text-align-center\">LOUSON-POLO JUPE<\/p>\n<\/div>\n<\/div>\n<\/div>\n\n\n\n<div class=\"wp-block-column is-vertically-aligned-top is-layout-flow wp-block-column-is-layout-flow\">\n<div class=\"wp-block-group is-content-justification-left is-layout-constrained wp-container-core-group-is-layout-12dd3699 wp-block-group-is-layout-constrained\" style=\"border-radius:5px\">\n<div class=\"wp-block-group has-ti-bg-background-color has-background is-layout-constrained wp-container-core-group-is-layout-b4854629 wp-block-group-is-layout-constrained\" style=\"padding-top:24px;padding-right:24px;padding-bottom:24px;padding-left:24px\">\n<figure class=\"wp-block-image aligncenter size-full is-resized is-style-rounded\"><img loading=\"lazy\" decoding=\"async\" width=\"152\" height=\"152\" src=\"https:\/\/www.tfdholding.com\/wp-content\/uploads\/2025\/01\/11.png\" alt=\"\" class=\"wp-image-146\" style=\"width:204px;height:auto\" srcset=\"https:\/\/www.tfdholding.com\/wp-content\/uploads\/2025\/01\/11.png 152w, https:\/\/www.tfdholding.com\/wp-content\/uploads\/2025\/01\/11-150x150.png 150w\" sizes=\"(max-width: 152px) 100vw, 152px\" \/><\/figure>\n\n\n\n<h3 class=\"wp-block-heading has-text-align-center has-medium-font-size\">VALENTINO<\/h3>\n\n\n\n<p class=\"has-text-align-center\">BLOUSON-Tee Shirt<\/p>\n<\/div>\n<\/div>\n<\/div>\n<\/div>\n<\/div>\n\n\n\n<div class=\"wp-block-group has-ti-bg-background-color has-background is-layout-constrained wp-container-core-group-is-layout-b4854629 wp-block-group-is-layout-constrained\" style=\"padding-top:24px;padding-right:24px;padding-bottom:24px;padding-left:24px\">\n<figure class=\"wp-block-image aligncenter size-full is-resized is-style-rounded\"><img loading=\"lazy\" decoding=\"async\" width=\"152\" height=\"152\" src=\"http:\/\/www.tfdholding.com\/wp-content\/uploads\/2025\/01\/ch_aub_shoppage_logo_boogi_new_750x500.png\" alt=\"\" class=\"wp-image-147\" style=\"width:204px;height:auto\" srcset=\"https:\/\/www.tfdholding.com\/wp-content\/uploads\/2025\/01\/ch_aub_shoppage_logo_boogi_new_750x500.png 152w, https:\/\/www.tfdholding.com\/wp-content\/uploads\/2025\/01\/ch_aub_shoppage_logo_boogi_new_750x500-150x150.png 150w\" sizes=\"(max-width: 152px) 100vw, 152px\" \/><\/figure>\n\n\n\n<h3 class=\"wp-block-heading has-text-align-center has-medium-font-size\">BOGGI<\/h3>\n\n\n\n<p class=\"has-text-align-center\">PANTALON,Blouson<\/p>\n<\/div>\n<\/div>\n\n\n\n<div class=\"wp-block-group alignfull has-ti-fg-alt-color has-text-color has-background is-content-justification-center is-layout-constrained wp-container-core-group-is-layout-bdfdb09b wp-block-group-is-layout-constrained\" style=\"background-color:#3884df;margin-top:0px;margin-bottom:0px;padding-top:64px;padding-bottom:64px\">\n<div class=\"wp-block-group alignwide is-layout-flow wp-block-group-is-layout-flow\">\n<div class=\"wp-block-columns is-layout-flex wp-container-core-columns-is-layout-13e2ef3f wp-block-columns-is-layout-flex\">\n<div class=\"wp-block-column is-layout-flow wp-container-core-column-is-layout-47e5a185 wp-block-column-is-layout-flow\">\n<div class=\"wp-block-group is-layout-constrained wp-block-group-is-layout-constrained\" style=\"border-radius:5px\">\n<figure class=\"wp-block-image size-full is-resized is-style-rounded\"><img decoding=\"async\" src=\"http:\/\/www.tfdconfection.com\/wp-content\/uploads\/2024\/12\/4.png\" alt=\"\" class=\"wp-image-129\" style=\"width:212px;height:auto\"\/><\/figure>\n\n\n\n<p class=\"has-text-align-left\">Le Lorem Ipsum est simplement du faux texte employ\u00e9 dans la composition et la mise en page avant impression.<\/p>\n\n\n\n<ul class=\"wp-block-social-links has-icon-color is-style-logos-only is-content-justification-center is-layout-flex wp-container-core-social-links-is-layout-a89b3969 wp-block-social-links-is-layout-flex\">\n\n\n\n<\/ul>\n<\/div>\n<\/div>\n\n\n\n<div class=\"wp-block-column is-layout-flow wp-container-core-column-is-layout-47e5a185 wp-block-column-is-layout-flow\">\n<div class=\"wp-block-group is-layout-constrained wp-block-group-is-layout-constrained\" style=\"border-radius:5px\">\n<p class=\"has-text-align-left has-medium-font-size\"><strong>Menu<\/strong><\/p>\n\n\n\n<p class=\"has-text-align-left has-normal-font-size\">Accueil<\/p>\n\n\n\n<p class=\"has-normal-font-size\">\u00c0 propos<\/p>\n\n\n\n<p class=\"has-normal-font-size\">TFD Confection<\/p>\n\n\n\n<p>Make Ur Soft<\/p>\n<\/div>\n<\/div>\n\n\n\n<div class=\"wp-block-column is-layout-flow wp-container-core-column-is-layout-47e5a185 wp-block-column-is-layout-flow\">\n<div class=\"wp-block-group is-layout-constrained wp-block-group-is-layout-constrained\" style=\"border-radius:5px\">\n<p class=\"has-text-align-left has-medium-font-size\">Contact<\/p>\n\n\n\n<p class=\"has-text-align-left has-medium-font-size\">On sait depuis longtemps que travailler avec du texte<\/p>\n<\/div>\n\n\n\n<p>+216 29791516<\/p>\n<\/div>\n\n\n\n<div class=\"wp-block-column is-layout-flow wp-block-column-is-layout-flow\">\n<p class=\"has-large-font-size\">Newsletter<\/p>\n\n\n\n<p>Le Lorem Ipsum est simplement du faux texte employ\u00e9 dans<\/p>\n<\/div>\n<\/div>\n<\/div>\n<\/div>\n\n\n\n<p><\/p>\n","protected":false},"excerpt":{"rendered":"<p>Christine Fashion Christine Fashion est une soci\u00e9t\u00e9 sp\u00e9cialis\u00e9 dans la haute couture de luxes et de confection sur mesure pour hommes femmes et enfants, elle est aussi sp\u00e9cialiste dans la maille homme et femme. Christine Fashion ne cesse de d\u00e9velopper son savoir faire et de mettre a jour et a niveau son personnel, en les [&hellip;]<\/p>\n","protected":false},"author":1,"featured_media":0,"parent":0,"menu_order":0,"comment_status":"closed","ping_status":"closed","template":"template-plain","meta":{"footnotes":""},"class_list":["post-74","page","type-page","status-publish","hentry"],"_links":{"self":[{"href":"https:\/\/www.tfdholding.com\/index.php\/wp-json\/wp\/v2\/pages\/74","targetHints":{"allow":["GET"]}}],"collection":[{"href":"https:\/\/www.tfdholding.com\/index.php\/wp-json\/wp\/v2\/pages"}],"about":[{"href":"https:\/\/www.tfdholding.com\/index.php\/wp-json\/wp\/v2\/types\/page"}],"author":[{"embeddable":true,"href":"https:\/\/www.tfdholding.com\/index.php\/wp-json\/wp\/v2\/users\/1"}],"replies":[{"embeddable":true,"href":"https:\/\/www.tfdholding.com\/index.php\/wp-json\/wp\/v2\/comments?post=74"}],"version-history":[{"count":13,"href":"https:\/\/www.tfdholding.com\/index.php\/wp-json\/wp\/v2\/pages\/74\/revisions"}],"predecessor-version":[{"id":255,"href":"https:\/\/www.tfdholding.com\/index.php\/wp-json\/wp\/v2\/pages\/74\/revisions\/255"}],"wp:attachment":[{"href":"https:\/\/www.tfdholding.com\/index.php\/wp-json\/wp\/v2\/media?parent=74"}],"curies":[{"name":"wp","href":"https:\/\/api.w.org\/{rel}","templated":true}]}}