{"id":76,"date":"2025-01-08T15:42:39","date_gmt":"2025-01-08T14:42:39","guid":{"rendered":"https:\/\/www.tfdholding.com\/?page_id=76"},"modified":"2025-02-12T09:38:27","modified_gmt":"2025-02-12T08:38:27","slug":"christine-sidi-hassine","status":"publish","type":"page","link":"https:\/\/www.tfdholding.com\/index.php\/christine-sidi-hassine\/","title":{"rendered":"christine sidi hassine"},"content":{"rendered":"\n<div class=\"wp-block-cover alignfull\"><span aria-hidden=\"true\" class=\"wp-block-cover__background has-ti-bg-inv-background-color has-background-dim\"><\/span><img fetchpriority=\"high\" decoding=\"async\" width=\"500\" height=\"134\" class=\"wp-block-cover__image-background wp-image-248\" alt=\"\" src=\"https:\/\/www.tfdholding.com\/wp-content\/uploads\/2025\/02\/textile-industry-equipment-V3HEGQK.png\" data-object-fit=\"cover\" srcset=\"https:\/\/www.tfdholding.com\/wp-content\/uploads\/2025\/02\/textile-industry-equipment-V3HEGQK.png 500w, https:\/\/www.tfdholding.com\/wp-content\/uploads\/2025\/02\/textile-industry-equipment-V3HEGQK-300x80.png 300w\" sizes=\"(max-width: 500px) 100vw, 500px\" \/><div class=\"wp-block-cover__inner-container is-layout-flow wp-block-cover-is-layout-flow\">\n<p class=\"has-text-align-center\" style=\"font-size:clamp(42.068px, 2.629rem + ((1vw - 3.2px) * 2.258), 80px);\"><strong>Christine Confection<\/strong><\/p>\n\n\n\n<p class=\"has-text-align-center\" style=\"font-size:clamp(42.068px, 2.629rem + ((1vw - 3.2px) * 2.258), 80px);\"><strong>Sidi Hassine<\/strong><\/p>\n<\/div><\/div>\n\n\n\n<div class=\"wp-block-columns alignfull are-vertically-aligned-center has-ti-fg-alt-color has-ti-bg-background-color has-text-color has-background has-link-color wp-elements-2a1f34d17b2df29cafbbc025d6af11c5 is-layout-flex wp-container-core-columns-is-layout-d7d455e7 wp-block-columns-is-layout-flex\" style=\"padding-top:0;padding-right:0;padding-bottom:0;padding-left:0\">\n<div class=\"wp-block-column is-vertically-aligned-center is-layout-flow wp-block-column-is-layout-flow\" style=\"padding-top:64px;padding-right:24px;padding-bottom:64px;padding-left:24px;flex-basis:50%\">\n<div class=\"wp-block-group is-layout-constrained wp-block-group-is-layout-constrained\">\n<h2 class=\"wp-block-heading has-text-color has-link-color has-huge-font-size wp-elements-f5edf9e93e972ee2715d1bc06b7bbd66\" style=\"color:#3884df\">Christine Confection Sidi Hassine<\/h2>\n\n\n\n<p class=\"has-ti-fg-color has-text-color has-link-color wp-elements-33f569570207f0c61236a22ac7a4b4cc\">Une usine qui couvre une superficie qui d\u00e9passe le 1 hectare qui pr\u00e9sente un grand potentiel dans les cinq ann\u00e9es qui viennent La soci\u00e9t\u00e9 Christine Confection Sidi Hassine Avec 85 employ\u00e9s qualifi\u00e9s,une capacit\u00e9 de production journali\u00e8re entre 400-600 pi\u00e8ces en se sp\u00e9cialisant dans la cha\u00eene et la trame.<\/p>\n\n\n\n<div style=\"height:32px\" aria-hidden=\"true\" class=\"wp-block-spacer\"><\/div>\n<\/div>\n<\/div>\n\n\n\n<div class=\"wp-block-column is-vertically-aligned-center is-layout-flow wp-block-column-is-layout-flow\" style=\"flex-basis:50%\">\n<figure class=\"wp-block-image size-full is-resized\"><img decoding=\"async\" width=\"472\" height=\"411\" src=\"https:\/\/www.tfdholding.com\/wp-content\/uploads\/2025\/01\/working-with-textile-XMY8B4D.png\" alt=\"\" class=\"wp-image-161\" style=\"width:858px;height:auto\" srcset=\"https:\/\/www.tfdholding.com\/wp-content\/uploads\/2025\/01\/working-with-textile-XMY8B4D.png 472w, https:\/\/www.tfdholding.com\/wp-content\/uploads\/2025\/01\/working-with-textile-XMY8B4D-300x261.png 300w\" sizes=\"(max-width: 472px) 100vw, 472px\" \/><\/figure>\n<\/div>\n<\/div>\n\n\n\n<div class=\"wp-block-cover alignfull\" style=\"min-height:430px;aspect-ratio:unset;\"><span aria-hidden=\"true\" class=\"wp-block-cover__background has-background-dim-80 has-background-dim\"><\/span><img decoding=\"async\" width=\"1024\" height=\"220\" class=\"wp-block-cover__image-background wp-image-127\" alt=\"\" src=\"http:\/\/www.tfdholding.com\/wp-content\/uploads\/2025\/01\/portrait-of-seamstress-working-with-sewing-machine-3LB5633-1024x220.png\" data-object-fit=\"cover\" srcset=\"https:\/\/www.tfdholding.com\/wp-content\/uploads\/2025\/01\/portrait-of-seamstress-working-with-sewing-machine-3LB5633-1024x220.png 1024w, https:\/\/www.tfdholding.com\/wp-content\/uploads\/2025\/01\/portrait-of-seamstress-working-with-sewing-machine-3LB5633-300x64.png 300w, https:\/\/www.tfdholding.com\/wp-content\/uploads\/2025\/01\/portrait-of-seamstress-working-with-sewing-machine-3LB5633-768x165.png 768w, https:\/\/www.tfdholding.com\/wp-content\/uploads\/2025\/01\/portrait-of-seamstress-working-with-sewing-machine-3LB5633.png 1366w\" sizes=\"(max-width: 1024px) 100vw, 1024px\" \/><div class=\"wp-block-cover__inner-container is-layout-flow wp-block-cover-is-layout-flow\">\n<h2 class=\"wp-block-heading has-text-align-center has-huge-font-size\">Nos r\u00e9f\u00e9rences<\/h2>\n\n\n\n<div class=\"wp-block-group is-content-justification-center is-nowrap is-layout-flex wp-container-core-group-is-layout-23441af8 wp-block-group-is-layout-flex\">\n<figure class=\"wp-block-image size-full is-resized\"><img loading=\"lazy\" decoding=\"async\" width=\"168\" height=\"66\" src=\"https:\/\/www.tfdholding.com\/wp-content\/uploads\/2025\/01\/Marella-logo.png\" alt=\"\" class=\"wp-image-165\" style=\"width:325px;height:auto\"\/><\/figure>\n\n\n\n<figure class=\"wp-block-image size-full is-resized\"><img loading=\"lazy\" decoding=\"async\" width=\"336\" height=\"132\" src=\"https:\/\/www.tfdholding.com\/wp-content\/uploads\/2025\/01\/5a32b95bcb9a85480a628fcd-1@2x.png\" alt=\"\" class=\"wp-image-166\" style=\"width:317px;height:auto\" srcset=\"https:\/\/www.tfdholding.com\/wp-content\/uploads\/2025\/01\/5a32b95bcb9a85480a628fcd-1@2x.png 336w, https:\/\/www.tfdholding.com\/wp-content\/uploads\/2025\/01\/5a32b95bcb9a85480a628fcd-1@2x-300x118.png 300w\" sizes=\"(max-width: 336px) 100vw, 336px\" \/><\/figure>\n\n\n\n<div class=\"wp-block-group is-nowrap is-layout-flex wp-container-core-group-is-layout-6c531013 wp-block-group-is-layout-flex\">\n<figure class=\"wp-block-image size-full is-resized\"><img loading=\"lazy\" decoding=\"async\" width=\"336\" height=\"132\" src=\"https:\/\/www.tfdholding.com\/wp-content\/uploads\/2025\/01\/alba-moda-logo-1wifen77pw97xavchxpf4ldha06q2ibyh88i63h6k2ys@2x.png\" alt=\"\" class=\"wp-image-168\" style=\"width:325px;height:auto\" srcset=\"https:\/\/www.tfdholding.com\/wp-content\/uploads\/2025\/01\/alba-moda-logo-1wifen77pw97xavchxpf4ldha06q2ibyh88i63h6k2ys@2x.png 336w, https:\/\/www.tfdholding.com\/wp-content\/uploads\/2025\/01\/alba-moda-logo-1wifen77pw97xavchxpf4ldha06q2ibyh88i63h6k2ys@2x-300x118.png 300w\" sizes=\"(max-width: 336px) 100vw, 336px\" \/><\/figure>\n<\/div>\n\n\n\n<div class=\"wp-block-group is-layout-constrained wp-block-group-is-layout-constrained\"><\/div>\n<\/div>\n<\/div><\/div>\n\n\n\n<div class=\"wp-block-group alignfull has-ti-fg-alt-color has-text-color has-background is-content-justification-center is-layout-constrained wp-container-core-group-is-layout-358beca0 wp-block-group-is-layout-constrained\" style=\"background-color:#3884df;margin-top:0px;margin-bottom:0px;padding-top:64px;padding-bottom:64px\">\n<div class=\"wp-block-group alignwide is-layout-flow wp-block-group-is-layout-flow\">\n<div class=\"wp-block-columns is-layout-flex wp-container-core-columns-is-layout-13e2ef3f wp-block-columns-is-layout-flex\">\n<div class=\"wp-block-column is-layout-flow wp-container-core-column-is-layout-47e5a185 wp-block-column-is-layout-flow\">\n<div class=\"wp-block-group is-layout-constrained wp-block-group-is-layout-constrained\" style=\"border-radius:5px\">\n<figure class=\"wp-block-image size-full is-resized is-style-rounded\"><img decoding=\"async\" src=\"http:\/\/www.tfdconfection.com\/wp-content\/uploads\/2024\/12\/4.png\" alt=\"\" class=\"wp-image-129\" style=\"width:212px;height:auto\"\/><\/figure>\n\n\n\n<p class=\"has-text-align-left\">Le Lorem Ipsum est simplement du faux texte employ\u00e9 dans la composition et la mise en page avant impression.<\/p>\n\n\n\n<ul class=\"wp-block-social-links has-icon-color is-style-logos-only is-content-justification-center is-layout-flex wp-container-core-social-links-is-layout-a89b3969 wp-block-social-links-is-layout-flex\">\n\n\n\n<\/ul>\n<\/div>\n<\/div>\n\n\n\n<div class=\"wp-block-column is-layout-flow wp-container-core-column-is-layout-47e5a185 wp-block-column-is-layout-flow\">\n<div class=\"wp-block-group is-layout-constrained wp-block-group-is-layout-constrained\" style=\"border-radius:5px\">\n<p class=\"has-text-align-left has-medium-font-size\"><strong>Menu<\/strong><\/p>\n\n\n\n<p class=\"has-text-align-left has-normal-font-size\">Accueil<\/p>\n\n\n\n<p class=\"has-normal-font-size\">\u00c0 propos<\/p>\n\n\n\n<p class=\"has-normal-font-size\">TFD Confection<\/p>\n\n\n\n<p>Make Ur Soft<\/p>\n<\/div>\n<\/div>\n\n\n\n<div class=\"wp-block-column is-layout-flow wp-container-core-column-is-layout-47e5a185 wp-block-column-is-layout-flow\">\n<div class=\"wp-block-group is-layout-constrained wp-block-group-is-layout-constrained\" style=\"border-radius:5px\">\n<p class=\"has-text-align-left has-medium-font-size\">Contact<\/p>\n\n\n\n<p class=\"has-text-align-left has-medium-font-size\">On sait depuis longtemps que travailler avec du texte<\/p>\n<\/div>\n\n\n\n<p>+216 29791516<\/p>\n<\/div>\n\n\n\n<div class=\"wp-block-column is-layout-flow wp-block-column-is-layout-flow\">\n<p class=\"has-large-font-size\">Newsletter<\/p>\n\n\n\n<p>Le Lorem Ipsum est simplement du faux texte employ\u00e9 dans<\/p>\n<\/div>\n<\/div>\n<\/div>\n<\/div>\n","protected":false},"excerpt":{"rendered":"<p>Christine Confection Sidi Hassine Une usine qui couvre une superficie qui d\u00e9passe le 1 hectare qui pr\u00e9sente un grand potentiel dans les cinq ann\u00e9es qui viennent La soci\u00e9t\u00e9 Christine Confection Sidi Hassine Avec 85 employ\u00e9s qualifi\u00e9s,une capacit\u00e9 de production journali\u00e8re entre 400-600 pi\u00e8ces en se sp\u00e9cialisant dans la cha\u00eene et la trame. Le Lorem Ipsum [&hellip;]<\/p>\n","protected":false},"author":1,"featured_media":0,"parent":0,"menu_order":0,"comment_status":"closed","ping_status":"closed","template":"template-plain","meta":{"footnotes":""},"class_list":["post-76","page","type-page","status-publish","hentry"],"_links":{"self":[{"href":"https:\/\/www.tfdholding.com\/index.php\/wp-json\/wp\/v2\/pages\/76","targetHints":{"allow":["GET"]}}],"collection":[{"href":"https:\/\/www.tfdholding.com\/index.php\/wp-json\/wp\/v2\/pages"}],"about":[{"href":"https:\/\/www.tfdholding.com\/index.php\/wp-json\/wp\/v2\/types\/page"}],"author":[{"embeddable":true,"href":"https:\/\/www.tfdholding.com\/index.php\/wp-json\/wp\/v2\/users\/1"}],"replies":[{"embeddable":true,"href":"https:\/\/www.tfdholding.com\/index.php\/wp-json\/wp\/v2\/comments?post=76"}],"version-history":[{"count":9,"href":"https:\/\/www.tfdholding.com\/index.php\/wp-json\/wp\/v2\/pages\/76\/revisions"}],"predecessor-version":[{"id":257,"href":"https:\/\/www.tfdholding.com\/index.php\/wp-json\/wp\/v2\/pages\/76\/revisions\/257"}],"wp:attachment":[{"href":"https:\/\/www.tfdholding.com\/index.php\/wp-json\/wp\/v2\/media?parent=76"}],"curies":[{"name":"wp","href":"https:\/\/api.w.org\/{rel}","templated":true}]}}