{"id":78,"date":"2025-01-08T15:42:52","date_gmt":"2025-01-08T14:42:52","guid":{"rendered":"https:\/\/www.tfdholding.com\/?page_id=78"},"modified":"2025-02-12T09:39:23","modified_gmt":"2025-02-12T08:39:23","slug":"societe-tunisienne-de-pret-a-porter-stpp","status":"publish","type":"page","link":"https:\/\/www.tfdholding.com\/index.php\/societe-tunisienne-de-pret-a-porter-stpp\/","title":{"rendered":"Soci\u00e9t\u00e9 Tunisienne de pr\u00eat-\u00e0-porter STPP"},"content":{"rendered":"\n<div class=\"wp-block-cover alignfull\"><span aria-hidden=\"true\" class=\"wp-block-cover__background has-background-dim\"><\/span><img fetchpriority=\"high\" decoding=\"async\" width=\"1024\" height=\"275\" class=\"wp-block-cover__image-background wp-image-173\" alt=\"\" src=\"https:\/\/www.tfdholding.com\/wp-content\/uploads\/2025\/01\/stacks-of-textiles-in-close-up-view-PC6YPQB-1-1024x275.png\" data-object-fit=\"cover\" srcset=\"https:\/\/www.tfdholding.com\/wp-content\/uploads\/2025\/01\/stacks-of-textiles-in-close-up-view-PC6YPQB-1-1024x275.png 1024w, https:\/\/www.tfdholding.com\/wp-content\/uploads\/2025\/01\/stacks-of-textiles-in-close-up-view-PC6YPQB-1-300x81.png 300w, https:\/\/www.tfdholding.com\/wp-content\/uploads\/2025\/01\/stacks-of-textiles-in-close-up-view-PC6YPQB-1-768x206.png 768w, https:\/\/www.tfdholding.com\/wp-content\/uploads\/2025\/01\/stacks-of-textiles-in-close-up-view-PC6YPQB-1.png 1366w\" sizes=\"(max-width: 1024px) 100vw, 1024px\" \/><div class=\"wp-block-cover__inner-container is-layout-flow wp-block-cover-is-layout-flow\">\n<p class=\"has-text-align-center has-huge-font-size\"><strong>Soci\u00e9t\u00e9 Tunisienne de<\/strong><\/p>\n\n\n\n<p class=\"has-text-align-center has-huge-font-size\"><strong>pr\u00eat-\u00e0-porter STPP<\/strong><\/p>\n<\/div><\/div>\n\n\n\n<div class=\"wp-block-columns alignfull are-vertically-aligned-center has-ti-fg-alt-color has-ti-bg-background-color has-text-color has-background has-link-color wp-elements-4534eeb21bd0194334bf9c72cbd64078 is-layout-flex wp-container-core-columns-is-layout-d7d455e7 wp-block-columns-is-layout-flex\" style=\"padding-top:0;padding-right:0;padding-bottom:0;padding-left:0\">\n<div class=\"wp-block-column is-vertically-aligned-center is-layout-flow wp-block-column-is-layout-flow\" style=\"padding-top:64px;padding-right:24px;padding-bottom:64px;padding-left:24px;flex-basis:50%\">\n<div class=\"wp-block-group is-layout-constrained wp-block-group-is-layout-constrained\">\n<h1 class=\"wp-block-heading has-text-color has-link-color wp-elements-813a6f41dddaa57675018a4a232e4b14\" style=\"color:#3884df\">Soci\u00e9t\u00e9 Tunisienne de pr\u00eat-\u00e0-porter STPP<\/h1>\n\n\n\n<p class=\"has-ti-fg-color has-text-color has-link-color wp-elements-ed3bfe0f57a689c641a559aae8a9ab94\">la STPP a pour objet la confection et la commercialisation des v\u00eatements en tissu de coton, laine, fibre synth\u00e9tique et artificielle . Sp\u00e9cialis\u00e9e aussi en tenue de d\u00e9tente et sous v\u00eatements, l\u2019usine de la STPP se compose de 03 lignes de production, salle de coupe et une unit\u00e9 d\u2019emballage. Avec un effectif global qui d\u00e9passe les 80 employ\u00e9s sp\u00e9cialis\u00e9s en maille, la STPP ouvre depuis sa cr\u00e9ation la porte de la mondialisation en fid\u00e9lisant des grandes marques<\/p>\n\n\n\n<div style=\"height:32px\" aria-hidden=\"true\" class=\"wp-block-spacer\"><\/div>\n<\/div>\n<\/div>\n\n\n\n<div class=\"wp-block-column is-vertically-aligned-center is-layout-flow wp-block-column-is-layout-flow\" style=\"flex-basis:50%\">\n<figure class=\"wp-block-image size-full is-resized\"><img decoding=\"async\" width=\"472\" height=\"411\" src=\"https:\/\/www.tfdholding.com\/wp-content\/uploads\/2025\/01\/woman-working-in-textile-industry-4KX5SD7.png\" alt=\"\" class=\"wp-image-175\" style=\"width:858px;height:auto\" srcset=\"https:\/\/www.tfdholding.com\/wp-content\/uploads\/2025\/01\/woman-working-in-textile-industry-4KX5SD7.png 472w, https:\/\/www.tfdholding.com\/wp-content\/uploads\/2025\/01\/woman-working-in-textile-industry-4KX5SD7-300x261.png 300w\" sizes=\"(max-width: 472px) 100vw, 472px\" \/><\/figure>\n<\/div>\n<\/div>\n\n\n\n<div class=\"wp-block-cover alignfull\"><span aria-hidden=\"true\" class=\"wp-block-cover__background has-background-dim-80 has-background-dim\"><\/span><img decoding=\"async\" width=\"1024\" height=\"220\" class=\"wp-block-cover__image-background wp-image-127\" alt=\"\" src=\"http:\/\/www.tfdholding.com\/wp-content\/uploads\/2025\/01\/portrait-of-seamstress-working-with-sewing-machine-3LB5633-1024x220.png\" data-object-fit=\"cover\" srcset=\"https:\/\/www.tfdholding.com\/wp-content\/uploads\/2025\/01\/portrait-of-seamstress-working-with-sewing-machine-3LB5633-1024x220.png 1024w, https:\/\/www.tfdholding.com\/wp-content\/uploads\/2025\/01\/portrait-of-seamstress-working-with-sewing-machine-3LB5633-300x64.png 300w, https:\/\/www.tfdholding.com\/wp-content\/uploads\/2025\/01\/portrait-of-seamstress-working-with-sewing-machine-3LB5633-768x165.png 768w, https:\/\/www.tfdholding.com\/wp-content\/uploads\/2025\/01\/portrait-of-seamstress-working-with-sewing-machine-3LB5633.png 1366w\" sizes=\"(max-width: 1024px) 100vw, 1024px\" \/><div class=\"wp-block-cover__inner-container is-layout-flow wp-block-cover-is-layout-flow\">\n<h2 class=\"wp-block-heading has-text-align-center has-huge-font-size\"><strong>Nos r\u00e9f\u00e9rences<\/strong><\/h2>\n\n\n\n<div class=\"wp-block-group is-content-justification-center is-nowrap is-layout-flex wp-container-core-group-is-layout-23441af8 wp-block-group-is-layout-flex\">\n<figure class=\"wp-block-image size-full is-resized\"><img loading=\"lazy\" decoding=\"async\" width=\"336\" height=\"132\" src=\"https:\/\/www.tfdholding.com\/wp-content\/uploads\/2025\/01\/874dd6a5d9d66414e085b347d6e0755d@2x.png\" alt=\"\" class=\"wp-image-187\" style=\"width:317px;height:auto\" srcset=\"https:\/\/www.tfdholding.com\/wp-content\/uploads\/2025\/01\/874dd6a5d9d66414e085b347d6e0755d@2x.png 336w, https:\/\/www.tfdholding.com\/wp-content\/uploads\/2025\/01\/874dd6a5d9d66414e085b347d6e0755d@2x-300x118.png 300w\" sizes=\"(max-width: 336px) 100vw, 336px\" \/><\/figure>\n\n\n\n<div class=\"wp-block-group is-nowrap is-layout-flex wp-container-core-group-is-layout-6c531013 wp-block-group-is-layout-flex\">\n<figure class=\"wp-block-image size-full is-resized\"><img loading=\"lazy\" decoding=\"async\" width=\"336\" height=\"132\" src=\"https:\/\/www.tfdholding.com\/wp-content\/uploads\/2025\/01\/2af499b776f44506be118a2d069f6071@2x.png\" alt=\"\" class=\"wp-image-188\" style=\"width:325px;height:auto\" srcset=\"https:\/\/www.tfdholding.com\/wp-content\/uploads\/2025\/01\/2af499b776f44506be118a2d069f6071@2x.png 336w, https:\/\/www.tfdholding.com\/wp-content\/uploads\/2025\/01\/2af499b776f44506be118a2d069f6071@2x-300x118.png 300w\" sizes=\"(max-width: 336px) 100vw, 336px\" \/><\/figure>\n<\/div>\n\n\n\n<figure class=\"wp-block-image size-full is-resized\"><img loading=\"lazy\" decoding=\"async\" width=\"336\" height=\"132\" src=\"http:\/\/www.tfdholding.com\/wp-content\/uploads\/2025\/01\/telechargement@2x.png\" alt=\"\" class=\"wp-image-189\" style=\"width:325px;height:auto\" srcset=\"https:\/\/www.tfdholding.com\/wp-content\/uploads\/2025\/01\/telechargement@2x.png 336w, https:\/\/www.tfdholding.com\/wp-content\/uploads\/2025\/01\/telechargement@2x-300x118.png 300w\" sizes=\"(max-width: 336px) 100vw, 336px\" \/><\/figure>\n\n\n\n<div class=\"wp-block-group is-layout-constrained wp-block-group-is-layout-constrained\"><\/div>\n<\/div>\n<\/div><\/div>\n\n\n\n<div class=\"wp-block-group alignfull has-ti-fg-alt-color has-text-color has-background is-content-justification-center is-layout-constrained wp-container-core-group-is-layout-358beca0 wp-block-group-is-layout-constrained\" style=\"background-color:#3884df;margin-top:0px;margin-bottom:0px;padding-top:64px;padding-bottom:64px\">\n<div class=\"wp-block-group alignwide is-layout-flow wp-block-group-is-layout-flow\">\n<div class=\"wp-block-columns is-layout-flex wp-container-core-columns-is-layout-13e2ef3f wp-block-columns-is-layout-flex\">\n<div class=\"wp-block-column is-layout-flow wp-container-core-column-is-layout-47e5a185 wp-block-column-is-layout-flow\">\n<div class=\"wp-block-group is-layout-constrained wp-block-group-is-layout-constrained\" style=\"border-radius:5px\">\n<figure class=\"wp-block-image size-full is-resized is-style-rounded\"><img decoding=\"async\" src=\"http:\/\/www.tfdconfection.com\/wp-content\/uploads\/2024\/12\/4.png\" alt=\"\" class=\"wp-image-129\" style=\"width:212px;height:auto\"\/><\/figure>\n\n\n\n<p class=\"has-text-align-left\">Le Lorem Ipsum est simplement du faux texte employ\u00e9 dans la composition et la mise en page avant impression.<\/p>\n\n\n\n<ul class=\"wp-block-social-links has-icon-color is-style-logos-only is-content-justification-center is-layout-flex wp-container-core-social-links-is-layout-a89b3969 wp-block-social-links-is-layout-flex\">\n\n\n\n<\/ul>\n<\/div>\n<\/div>\n\n\n\n<div class=\"wp-block-column is-layout-flow wp-container-core-column-is-layout-47e5a185 wp-block-column-is-layout-flow\">\n<div class=\"wp-block-group is-layout-constrained wp-block-group-is-layout-constrained\" style=\"border-radius:5px\">\n<p class=\"has-text-align-left has-medium-font-size\"><strong>Menu<\/strong><\/p>\n\n\n\n<p class=\"has-text-align-left has-normal-font-size\">Accueil<\/p>\n\n\n\n<p class=\"has-normal-font-size\">\u00c0 propos<\/p>\n\n\n\n<p class=\"has-normal-font-size\">TFD Confection<\/p>\n\n\n\n<p>Make Ur Soft<\/p>\n<\/div>\n<\/div>\n\n\n\n<div class=\"wp-block-column is-layout-flow wp-container-core-column-is-layout-47e5a185 wp-block-column-is-layout-flow\">\n<div class=\"wp-block-group is-layout-constrained wp-block-group-is-layout-constrained\" style=\"border-radius:5px\">\n<p class=\"has-text-align-left has-medium-font-size\">Contact<\/p>\n\n\n\n<p class=\"has-text-align-left has-medium-font-size\">On sait depuis longtemps que travailler avec du texte<\/p>\n<\/div>\n\n\n\n<p>+216 29791516<\/p>\n<\/div>\n\n\n\n<div class=\"wp-block-column is-layout-flow wp-block-column-is-layout-flow\">\n<p class=\"has-large-font-size\">Newsletter<\/p>\n\n\n\n<p>Le Lorem Ipsum est simplement du faux texte employ\u00e9 dans<\/p>\n<\/div>\n<\/div>\n<\/div>\n\n\n\n<p><\/p>\n<\/div>\n","protected":false},"excerpt":{"rendered":"<p>Soci\u00e9t\u00e9 Tunisienne de pr\u00eat-\u00e0-porter STPP la STPP a pour objet la confection et la commercialisation des v\u00eatements en tissu de coton, laine, fibre synth\u00e9tique et artificielle . Sp\u00e9cialis\u00e9e aussi en tenue de d\u00e9tente et sous v\u00eatements, l\u2019usine de la STPP se compose de 03 lignes de production, salle de coupe et une unit\u00e9 d\u2019emballage. Avec [&hellip;]<\/p>\n","protected":false},"author":1,"featured_media":0,"parent":0,"menu_order":0,"comment_status":"closed","ping_status":"closed","template":"template-plain","meta":{"footnotes":""},"class_list":["post-78","page","type-page","status-publish","hentry"],"_links":{"self":[{"href":"https:\/\/www.tfdholding.com\/index.php\/wp-json\/wp\/v2\/pages\/78","targetHints":{"allow":["GET"]}}],"collection":[{"href":"https:\/\/www.tfdholding.com\/index.php\/wp-json\/wp\/v2\/pages"}],"about":[{"href":"https:\/\/www.tfdholding.com\/index.php\/wp-json\/wp\/v2\/types\/page"}],"author":[{"embeddable":true,"href":"https:\/\/www.tfdholding.com\/index.php\/wp-json\/wp\/v2\/users\/1"}],"replies":[{"embeddable":true,"href":"https:\/\/www.tfdholding.com\/index.php\/wp-json\/wp\/v2\/comments?post=78"}],"version-history":[{"count":11,"href":"https:\/\/www.tfdholding.com\/index.php\/wp-json\/wp\/v2\/pages\/78\/revisions"}],"predecessor-version":[{"id":259,"href":"https:\/\/www.tfdholding.com\/index.php\/wp-json\/wp\/v2\/pages\/78\/revisions\/259"}],"wp:attachment":[{"href":"https:\/\/www.tfdholding.com\/index.php\/wp-json\/wp\/v2\/media?parent=78"}],"curies":[{"name":"wp","href":"https:\/\/api.w.org\/{rel}","templated":true}]}}